{"id":1712,"date":"2019-01-31T09:58:01","date_gmt":"2019-01-31T07:58:01","guid":{"rendered":"http:\/\/proteo.yithemes.com\/classic-shop\/?page_id=1712"},"modified":"2021-07-23T09:03:56","modified_gmt":"2021-07-23T09:03:56","slug":"products","status":"publish","type":"page","link":"https:\/\/biopachet.md\/ro\/products\/","title":{"rendered":"BIOPACHET"},"content":{"rendered":"<h2 style=\"text-align: center;\"><em>\u00a0 \u00a0 \u00a0 \u00a0 \u00a0 \u00a0 \u00a0 \u00a0 \u00a0 \u00a0 \u00a0 \u00a0 \u00a0 \u00a0 \u00a0 \u00a0 \u00a0 \u00a0 \u00a0 Pungi, saco\u0219e\u00a0 \u00a0 \u00a0 \u00a0 \u00a0 \u00a0 \u00a0 \u00a0 \u00a0 \u00a0 \u00a0 \u00a0 \u00a0 \u00a0 \u00a0 \u00a0 \u00a0 \u00a0 \u00a0 \u00a0 \u00a0 \u00a0 \u00a0 \u00a0 \u00a0 biodegradabile \u0219i compostabile prietenoase cu mediul!<\/em><\/h2>\n<table style=\"border-collapse: collapse; width: 101.353%;\">\n<tbody>\n<tr>\n<td style=\"width: 30.5079%;\"><img loading=\"lazy\" decoding=\"async\" class=\"wp-image-7554 aligncenter\" src=\"https:\/\/biopachet.md\/wp-content\/uploads\/2021\/07\/png1-300x300.png\" alt=\"\" width=\"265\" height=\"265\" srcset=\"https:\/\/biopachet.md\/wp-content\/uploads\/2021\/07\/png1-300x300.png 300w, https:\/\/biopachet.md\/wp-content\/uploads\/2021\/07\/png1-1024x1024.png 1024w, https:\/\/biopachet.md\/wp-content\/uploads\/2021\/07\/png1-150x150.png 150w, https:\/\/biopachet.md\/wp-content\/uploads\/2021\/07\/png1-768x768.png 768w, https:\/\/biopachet.md\/wp-content\/uploads\/2021\/07\/png1-812x812.png 812w, https:\/\/biopachet.md\/wp-content\/uploads\/2021\/07\/png1.png 1440w\" sizes=\"auto, (max-width: 265px) 100vw, 265px\" \/><\/td>\n<td style=\"width: 46.3075%;\">\n<h3 style=\"text-align: center;\"><strong>Procesul tehnologic al fabric\u0103rii pungilor \u0219i saco\u0219elor <img loading=\"lazy\" decoding=\"async\" class=\"alignnone  wp-image-7552\" src=\"https:\/\/biopachet.md\/wp-content\/uploads\/2021\/07\/biodegradable-300x199.png\" alt=\"\" width=\"51\" height=\"34\" srcset=\"https:\/\/biopachet.md\/wp-content\/uploads\/2021\/07\/biodegradable-300x199.png 300w, https:\/\/biopachet.md\/wp-content\/uploads\/2021\/07\/biodegradable-768x510.png 768w, https:\/\/biopachet.md\/wp-content\/uploads\/2021\/07\/biodegradable-812x539.png 812w, https:\/\/biopachet.md\/wp-content\/uploads\/2021\/07\/biodegradable.png 850w\" sizes=\"auto, (max-width: 51px) 100vw, 51px\" \/> este asem\u0103n\u0103tor cu cel al pungilor de plastic, dar se diferen\u021biaz\u0103 printr-un factor esen\u021bial \u0219i anume materia prim\u0103 din care sunt confec\u021bionate.Toate produsele noastre sunt eco friendly, fiind 100% biodegradabile si compostabile. \u00a0In afara de materialele din care sunt confectionate, pungile <\/strong><strong>biodegradabile <\/strong><strong>\u00a0nu difera mai deloc fata de cele din plastic. Puteti opta pentru pungi <img loading=\"lazy\" decoding=\"async\" class=\"alignnone  wp-image-7552\" src=\"https:\/\/biopachet.md\/wp-content\/uploads\/2021\/07\/biodegradable-300x199.png\" alt=\"\" width=\"57\" height=\"38\" srcset=\"https:\/\/biopachet.md\/wp-content\/uploads\/2021\/07\/biodegradable-300x199.png 300w, https:\/\/biopachet.md\/wp-content\/uploads\/2021\/07\/biodegradable-768x510.png 768w, https:\/\/biopachet.md\/wp-content\/uploads\/2021\/07\/biodegradable-812x539.png 812w, https:\/\/biopachet.md\/wp-content\/uploads\/2021\/07\/biodegradable.png 850w\" sizes=\"auto, (max-width: 57px) 100vw, 57px\" \/> tip maieu sau tip banana, in functie de afacerea pe care o detineti. Cele tip maieu sunt cele mai populare pungi pe care le gasiti la supermarket, cu manere care extind punga.<\/strong><\/h3>\n<\/td>\n<td style=\"width: 24.5377%;\"><img loading=\"lazy\" decoding=\"async\" class=\"wp-image-7531 alignleft\" src=\"https:\/\/biopachet.md\/wp-content\/uploads\/2021\/06\/images.jpg\" alt=\"\" width=\"242\" height=\"242\" srcset=\"https:\/\/biopachet.md\/wp-content\/uploads\/2021\/06\/images.jpg 225w, https:\/\/biopachet.md\/wp-content\/uploads\/2021\/06\/images-150x150.jpg 150w\" sizes=\"auto, (max-width: 242px) 100vw, 242px\" \/><\/td>\n<\/tr>\n<\/tbody>\n<\/table>\n<h3>\u00a0<\/h3>\n<table style=\"border-collapse: collapse; width: 101.624%;\">\n<tbody>\n<tr>\n<td style=\"width: 32.0018%;\"><img loading=\"lazy\" decoding=\"async\" class=\"wp-image-7532 alignright\" src=\"https:\/\/biopachet.md\/wp-content\/uploads\/2021\/06\/bio-paket-235x300.png\" alt=\"\" width=\"212\" height=\"270\" srcset=\"https:\/\/biopachet.md\/wp-content\/uploads\/2021\/06\/bio-paket-235x300.png 235w, https:\/\/biopachet.md\/wp-content\/uploads\/2021\/06\/bio-paket.png 627w\" sizes=\"auto, (max-width: 212px) 100vw, 212px\" \/><\/td>\n<td style=\"width: 41.722%;\">\n<h3 style=\"text-align: center;\">Caracteristicile pungilor <img loading=\"lazy\" decoding=\"async\" class=\"alignnone  wp-image-7552\" src=\"https:\/\/biopachet.md\/wp-content\/uploads\/2021\/07\/biodegradable-300x199.png\" alt=\"\" width=\"51\" height=\"34\" srcset=\"https:\/\/biopachet.md\/wp-content\/uploads\/2021\/07\/biodegradable-300x199.png 300w, https:\/\/biopachet.md\/wp-content\/uploads\/2021\/07\/biodegradable-768x510.png 768w, https:\/\/biopachet.md\/wp-content\/uploads\/2021\/07\/biodegradable-812x539.png 812w, https:\/\/biopachet.md\/wp-content\/uploads\/2021\/07\/biodegradable.png 850w\" sizes=\"auto, (max-width: 51px) 100vw, 51px\" \/> \u0219i gradul lor ridicat de personalizare fac ca acestea s\u0103 poat\u0103 fi utilizate \u00een orice sector de activitate, fie c\u0103 e vorba de unul industrial sau chiar de un sector din ampla sfer\u0103 comercial\u0103. Produsele noastre sunt extrem de u\u0219or de personalizat .\u00a0 Sacosele biodegradabile sunt in general produse de unica folosinta dar ele se pot si recicla.<\/h3>\n<\/td>\n<td style=\"width: 27.8947%;\"><img loading=\"lazy\" decoding=\"async\" class=\"wp-image-7568 aligncenter\" src=\"https:\/\/biopachet.md\/wp-content\/uploads\/2021\/07\/PP_1-300x256.png\" alt=\"\" width=\"309\" height=\"264\" srcset=\"https:\/\/biopachet.md\/wp-content\/uploads\/2021\/07\/PP_1-300x256.png 300w, https:\/\/biopachet.md\/wp-content\/uploads\/2021\/07\/PP_1.png 610w\" sizes=\"auto, (max-width: 309px) 100vw, 309px\" \/><\/td>\n<\/tr>\n<\/tbody>\n<\/table>\n<p>&nbsp;<\/p>\n<h2 style=\"text-align: center;\">Ce producem<\/h2>\n<table style=\"border-collapse: collapse; width: 100%;\">\n<tbody>\n<tr>\n<td style=\"width: 50%;\"><img loading=\"lazy\" decoding=\"async\" class=\"wp-image-7627 alignright\" src=\"https:\/\/biopachet.md\/wp-content\/uploads\/2021\/07\/\u044f\u0431\u043b\u043e\u043a\u0438-300x267.png\" alt=\"\" width=\"320\" height=\"285\" srcset=\"https:\/\/biopachet.md\/wp-content\/uploads\/2021\/07\/\u044f\u0431\u043b\u043e\u043a\u0438-300x267.png 300w, https:\/\/biopachet.md\/wp-content\/uploads\/2021\/07\/\u044f\u0431\u043b\u043e\u043a\u0438.png 768w\" sizes=\"auto, (max-width: 320px) 100vw, 320px\" \/><\/td>\n<td style=\"width: 50%;\">\n<h3 style=\"text-align: left;\">La cererea clien\u021bilor no\u0219tri, producem pungi simple sau imprimate, amplu personalizate, ne-am asumat responsabilitatea de a realiza \u0219i de a personaliza strict articole ob\u021binute din materii prime reciclabile. Pungile noastre <img loading=\"lazy\" decoding=\"async\" class=\"alignnone  wp-image-7552\" src=\"https:\/\/biopachet.md\/wp-content\/uploads\/2021\/07\/biodegradable-300x199.png\" alt=\"\" width=\"50\" height=\"33\" srcset=\"https:\/\/biopachet.md\/wp-content\/uploads\/2021\/07\/biodegradable-300x199.png 300w, https:\/\/biopachet.md\/wp-content\/uploads\/2021\/07\/biodegradable-768x510.png 768w, https:\/\/biopachet.md\/wp-content\/uploads\/2021\/07\/biodegradable-812x539.png 812w, https:\/\/biopachet.md\/wp-content\/uploads\/2021\/07\/biodegradable.png 850w\" sizes=\"auto, (max-width: 50px) 100vw, 50px\" \/> sunt cele de tip maieu sau banan\u0103, asociabile cu orice tip de afacere, de la farmacii la magazine alimentare sau companii cu profil industrial.<\/h3>\n<\/td>\n<\/tr>\n<\/tbody>\n<\/table>\n<h3 style=\"text-align: center;\">\u00a0<\/h3>\n<p style=\"text-align: left;\">\u00a0<\/p>\n<h2 style=\"text-align: center;\">\u00a0 \u00a0 \u00a0 \u00a0 \u00a0 \u00a0 \u00a0 \u00a0 Pungi biodegradabile si compostabile:\u00a0 \u00a0 \u00a0 \u00a0 \u00a0 \u00a0 \u00a0 \u00a0 personalizate sau nepersonalizate<\/h2>\n<table style=\"border-collapse: collapse; width: 100%;\">\n<tbody>\n<tr>\n<td style=\"width: 55.4127%;\"><img loading=\"lazy\" decoding=\"async\" class=\"wp-image-7691 alignright\" src=\"https:\/\/biopachet.md\/wp-content\/uploads\/2021\/07\/\u0421\u0445\u0435\u043c\u0430-225x300.png\" alt=\"\" width=\"419\" height=\"559\" srcset=\"https:\/\/biopachet.md\/wp-content\/uploads\/2021\/07\/\u0421\u0445\u0435\u043c\u0430-225x300.png 225w, https:\/\/biopachet.md\/wp-content\/uploads\/2021\/07\/\u0421\u0445\u0435\u043c\u0430.png 600w\" sizes=\"auto, (max-width: 419px) 100vw, 419px\" \/><\/td>\n<td style=\"width: 44.5873%;\">\n<h4 style=\"text-align: left;\">Saco\u0219ele <img loading=\"lazy\" decoding=\"async\" class=\"alignnone  wp-image-7552\" src=\"https:\/\/biopachet.md\/wp-content\/uploads\/2021\/07\/biodegradable-300x199.png\" alt=\"\" width=\"47\" height=\"31\" srcset=\"https:\/\/biopachet.md\/wp-content\/uploads\/2021\/07\/biodegradable-300x199.png 300w, https:\/\/biopachet.md\/wp-content\/uploads\/2021\/07\/biodegradable-768x510.png 768w, https:\/\/biopachet.md\/wp-content\/uploads\/2021\/07\/biodegradable-812x539.png 812w, https:\/\/biopachet.md\/wp-content\/uploads\/2021\/07\/biodegradable.png 850w\" sizes=\"auto, (max-width: 47px) 100vw, 47px\" \/> sunt realizate din granule pe baz\u0103 de amidon din porumb nemodificat genetic \u0219i din deriva\u021bi din ulei vegetal.<\/h4>\n<h4 style=\"text-align: left;\">Plasele de transport biodegradabile pot fi personalizate cu logoul firmei dumneavoastra.<\/h4>\n<h4 style=\"text-align: left;\">Pungile <img loading=\"lazy\" decoding=\"async\" class=\"alignnone  wp-image-7552\" src=\"https:\/\/biopachet.md\/wp-content\/uploads\/2021\/07\/biodegradable-300x199.png\" alt=\"\" width=\"47\" height=\"31\" srcset=\"https:\/\/biopachet.md\/wp-content\/uploads\/2021\/07\/biodegradable-300x199.png 300w, https:\/\/biopachet.md\/wp-content\/uploads\/2021\/07\/biodegradable-768x510.png 768w, https:\/\/biopachet.md\/wp-content\/uploads\/2021\/07\/biodegradable-812x539.png 812w, https:\/\/biopachet.md\/wp-content\/uploads\/2021\/07\/biodegradable.png 850w\" sizes=\"auto, (max-width: 47px) 100vw, 47px\" \/> pot fi confec\u021bionate pe diferite dimensiuni \u0219i grosimi conform cerin\u021belor clientului. Acestea sunt un foarte bun suport publicitar.<\/h4>\n<h4 style=\"text-align: left;\">Imprimarea pungilor ecologice se realizeaz\u0103 cu cerneal\u0103 ecologic\u0103 pe baz\u0103 de soia, o singur\u0103 fa\u021b\u0103 sau ambele fe\u021be, \u00een mai multe culori. Acestea sunt produse \u00een conformitate cu cu prevederile legislative privind modalitatea de gestionare a ambalajelor \u0219i a de\u0219eurilor de ambalaje, fiind alternativa ideal\u0103 pentru pungile \u0219i saco\u0219ele din plastic.<\/h4>\n<h4 style=\"text-align: left;\">Durata de via\u021b\u0103: p\u00e2n\u0103 la 12 luni de la data fabrica\u021biei.<\/h4>\n<h4 style=\"text-align: left;\">Condi\u021bii de p\u0103strare: evita\u021bi expunerea direct\u0103 la raze UV, umiditatea \u0219i temperaturile mai mari de 30\u00b0C.<\/h4>\n<\/td>\n<\/tr>\n<\/tbody>\n<\/table>\n<h2 style=\"text-align: center;\">\u00a0<\/h2>\n<table style=\"border-collapse: collapse; width: 100%;\">\n<tbody>\n<tr>\n<td style=\"width: 35.7916%;\"><img loading=\"lazy\" decoding=\"async\" class=\"size-medium wp-image-7376 alignright\" src=\"https:\/\/biopachet.md\/wp-content\/uploads\/2021\/04\/logo_BioPachet-02-300x159.png\" alt=\"\" width=\"300\" height=\"159\" srcset=\"https:\/\/biopachet.md\/wp-content\/uploads\/2021\/04\/logo_BioPachet-02-300x159.png 300w, https:\/\/biopachet.md\/wp-content\/uploads\/2021\/04\/logo_BioPachet-02-1024x544.png 1024w, https:\/\/biopachet.md\/wp-content\/uploads\/2021\/04\/logo_BioPachet-02-768x408.png 768w, https:\/\/biopachet.md\/wp-content\/uploads\/2021\/04\/logo_BioPachet-02-1536x816.png 1536w, https:\/\/biopachet.md\/wp-content\/uploads\/2021\/04\/logo_BioPachet-02-812x431.png 812w, https:\/\/biopachet.md\/wp-content\/uploads\/2021\/04\/logo_BioPachet-02.png 1552w\" sizes=\"auto, (max-width: 300px) 100vw, 300px\" \/><\/td>\n<td style=\"width: 64.2084%;\">\n<h2 style=\"text-align: center;\"><em>Dimensiunile pungilor <img loading=\"lazy\" decoding=\"async\" class=\"alignnone  wp-image-7552\" src=\"https:\/\/biopachet.md\/wp-content\/uploads\/2021\/07\/biodegradable-300x199.png\" alt=\"\" width=\"74\" height=\"49\" srcset=\"https:\/\/biopachet.md\/wp-content\/uploads\/2021\/07\/biodegradable-300x199.png 300w, https:\/\/biopachet.md\/wp-content\/uploads\/2021\/07\/biodegradable-768x510.png 768w, https:\/\/biopachet.md\/wp-content\/uploads\/2021\/07\/biodegradable-812x539.png 812w, https:\/\/biopachet.md\/wp-content\/uploads\/2021\/07\/biodegradable.png 850w\" sizes=\"auto, (max-width: 74px) 100vw, 74px\" \/>personalizate<\/em><\/h2>\n<\/td>\n<\/tr>\n<\/tbody>\n<\/table>\n<table style=\"border-collapse: collapse; width: 100%; height: 72px;\">\n<tbody>\n<tr style=\"height: 24px;\">\n<td style=\"width: 33.3333%; height: 24px; text-align: right;\">\n<h3><strong>Latime<\/strong><\/h3>\n<\/td>\n<td style=\"width: 33.3333%; text-align: center; height: 24px;\">\n<h3><strong>\u00cen\u0103l\u021bime<\/strong><\/h3>\n<\/td>\n<td style=\"width: 33.3333%; height: 24px; text-align: left;\">\n<h3><strong>Grosimea<\/strong><\/h3>\n<\/td>\n<\/tr>\n<tr style=\"height: 24px;\">\n<td style=\"width: 33.3333%; height: 24px; text-align: right;\">\n<p><span style=\"color: #000000;\"><em>Latime minima<\/em><\/span><\/p>\n<h4><span style=\"color: #000000;\"><em>170 \u00a0\u043c\u043c<\/em><\/span><\/h4>\n<\/td>\n<td style=\"width: 33.3333%; height: 24px; text-align: center;\">\n<p><span style=\"color: #000000;\"><em>\u00cen\u0103l\u021bimea minima<\/em><\/span><\/p>\n<h4><span style=\"color: #000000;\"><em>300 \u043c\u043c<\/em><\/span><\/h4>\n<\/td>\n<td style=\"width: 33.3333%; height: 24px; text-align: left;\">\n<p><span style=\"color: #000000;\"><em>Grosimea minima<\/em><\/span><\/p>\n<h4><span style=\"color: #000000;\"><em>14 \u043c\u043a\u043c<\/em><\/span><\/h4>\n<\/td>\n<\/tr>\n<tr style=\"height: 24px;\">\n<td style=\"width: 33.3333%; height: 24px; text-align: right;\">\n<p><span style=\"color: #000000;\"><em>Latime maxima<\/em><\/span><\/p>\n<h4><span style=\"color: #000000;\"><em>450 \u043c\u043c<\/em><\/span><\/h4>\n<\/td>\n<td style=\"width: 33.3333%; height: 24px; text-align: center;\">\n<p><span style=\"color: #000000;\"><em>\u00cen\u0103l\u021bimea<\/em> maxima<\/span><\/p>\n<h4><span style=\"color: #000000;\"><em>690 \u00a0\u043c\u043c<\/em><\/span><\/h4>\n<\/td>\n<td style=\"width: 33.3333%; height: 24px; text-align: left;\">\n<p><span style=\"color: #000000;\"><em>Grosimea maxima<\/em><\/span><\/p>\n<h4><span style=\"color: #000000;\"><em>50 \u00a0\u043c\u043a\u043c<\/em><\/span><\/h4>\n<\/td>\n<\/tr>\n<\/tbody>\n<\/table>\n<p>&nbsp;<\/p>\n<h2 style=\"text-align: center;\">Unde \u0219i cum comand\u0103m<\/h2>\n<table style=\"border-collapse: collapse; width: 100%;\">\n<tbody>\n<tr>\n<td style=\"width: 46.2111%;\"><img loading=\"lazy\" decoding=\"async\" class=\"wp-image-7697 alignright\" src=\"https:\/\/biopachet.md\/wp-content\/uploads\/2021\/07\/\u0414\u0435\u0440\u0435\u0432\u043e-257x300.png\" alt=\"\" width=\"351\" height=\"410\" srcset=\"https:\/\/biopachet.md\/wp-content\/uploads\/2021\/07\/\u0414\u0435\u0440\u0435\u0432\u043e-257x300.png 257w, https:\/\/biopachet.md\/wp-content\/uploads\/2021\/07\/\u0414\u0435\u0440\u0435\u0432\u043e-768x898.png 768w, https:\/\/biopachet.md\/wp-content\/uploads\/2021\/07\/\u0414\u0435\u0440\u0435\u0432\u043e-812x949.png 812w, https:\/\/biopachet.md\/wp-content\/uploads\/2021\/07\/\u0414\u0435\u0440\u0435\u0432\u043e.png 876w\" sizes=\"auto, (max-width: 351px) 100vw, 351px\" \/><\/td>\n<td style=\"width: 53.7889%;\">\n<h3>\u00a0<\/h3>\n<h3 style=\"text-align: center;\">Este foarte simplu s\u0103 comanzi de la noi\u00a0 \u00a0, <a href=\"https:\/\/biopachet.md\/ro\/contact-us\/\" target=\"_blank\" rel=\"noopener\"><span style=\"color: #99cc00;\">comunica managerului<\/span><\/a> informatii necesare:<\/h3>\n<p style=\"text-align: center;\"><span style=\"color: #000000;\">cantitatea minim\u0103 dorita,<\/span><\/p>\n<p style=\"text-align: center;\"><span style=\"color: #000000;\">dimensiuni,\u00a0<\/span><\/p>\n<p style=\"text-align: center;\"><span style=\"color: #000000;\">model,<\/span><\/p>\n<p style=\"text-align: center;\"><span style=\"color: #000000;\">culoare dorita<\/span><\/p>\n<p><img loading=\"lazy\" decoding=\"async\" class=\"wp-image-7696 aligncenter\" src=\"https:\/\/biopachet.md\/wp-content\/uploads\/2021\/07\/\u0413\u043e\u0440\u043e\u0434-300x149.png\" alt=\"\" width=\"448\" height=\"223\" srcset=\"https:\/\/biopachet.md\/wp-content\/uploads\/2021\/07\/\u0413\u043e\u0440\u043e\u0434-300x150.png 300w, https:\/\/biopachet.md\/wp-content\/uploads\/2021\/07\/\u0413\u043e\u0440\u043e\u0434-768x382.png 768w, https:\/\/biopachet.md\/wp-content\/uploads\/2021\/07\/\u0413\u043e\u0440\u043e\u0434-812x404.png 812w, https:\/\/biopachet.md\/wp-content\/uploads\/2021\/07\/\u0413\u043e\u0440\u043e\u0434.png 992w\" sizes=\"auto, (max-width: 448px) 100vw, 448px\" \/><\/p>\n<\/td>\n<\/tr>\n<\/tbody>\n<\/table>\n<p>&nbsp;<\/p>\n","protected":false},"excerpt":{"rendered":"<p>\u00a0 \u00a0 \u00a0 \u00a0 \u00a0 \u00a0 \u00a0 \u00a0 \u00a0 \u00a0 \u00a0 \u00a0 \u00a0 \u00a0 \u00a0 \u00a0 \u00a0 \u00a0 \u00a0 Pungi, saco\u0219e\u00a0 \u00a0 \u00a0 \u00a0 \u00a0 \u00a0 \u00a0 \u00a0 \u00a0 \u00a0 \u00a0 \u00a0 \u00a0 \u00a0 \u00a0 \u00a0 \u00a0 \u00a0 \u00a0 \u00a0 \u00a0 \u00a0 \u00a0 \u00a0 \u00a0 biodegradabile \u0219i compostabile prietenoase cu mediul! Procesul tehnologic al fabric\u0103rii<a class=\"more-link\" href=\"https:\/\/biopachet.md\/ro\/products\/\">Read more  &#10230;<\/a><\/p>\n","protected":false},"author":1,"featured_media":0,"parent":0,"menu_order":0,"comment_status":"closed","ping_status":"closed","template":"","meta":{"_editorskit_title_hidden":true,"_editorskit_reading_time":1,"_editorskit_is_block_options_detached":false,"_editorskit_block_options_position":"{}","footnotes":""},"class_list":["post-1712","page","type-page","status-publish","hentry"],"_links":{"self":[{"href":"https:\/\/biopachet.md\/ro\/wp-json\/wp\/v2\/pages\/1712","targetHints":{"allow":["GET"]}}],"collection":[{"href":"https:\/\/biopachet.md\/ro\/wp-json\/wp\/v2\/pages"}],"about":[{"href":"https:\/\/biopachet.md\/ro\/wp-json\/wp\/v2\/types\/page"}],"author":[{"embeddable":true,"href":"https:\/\/biopachet.md\/ro\/wp-json\/wp\/v2\/users\/1"}],"replies":[{"embeddable":true,"href":"https:\/\/biopachet.md\/ro\/wp-json\/wp\/v2\/comments?post=1712"}],"version-history":[{"count":58,"href":"https:\/\/biopachet.md\/ro\/wp-json\/wp\/v2\/pages\/1712\/revisions"}],"predecessor-version":[{"id":7754,"href":"https:\/\/biopachet.md\/ro\/wp-json\/wp\/v2\/pages\/1712\/revisions\/7754"}],"wp:attachment":[{"href":"https:\/\/biopachet.md\/ro\/wp-json\/wp\/v2\/media?parent=1712"}],"curies":[{"name":"wp","href":"https:\/\/api.w.org\/{rel}","templated":true}]}}